{"id":147,"date":"2015-07-28T12:10:34","date_gmt":"2015-07-28T12:10:34","guid":{"rendered":"https:\/\/singleboerse-im-test.de\/?page_id=147"},"modified":"2024-11-13T12:57:14","modified_gmt":"2024-11-13T12:57:14","slug":"contact-me","status":"publish","type":"page","link":"https:\/\/singleboerse-im-test.de\/index.php\/contact-me\/","title":{"rendered":"Singleb\u00f6rse melden"},"content":{"rendered":"<h1><strong>Haben Sie eine Dating-Seite entdeckt, die Sie als fragw\u00fcrdig empfinden?<\/strong><\/h1>\n<p>Wir sind stets bem\u00fcht, unsere Plattform aktuell und zuverl\u00e4ssig zu halten. Deshalb freuen wir uns \u00fcber Ihre Hinweise! Nutzen Sie unser Kontaktformular, um uns Dating-Seiten zu melden, die Sie gerne gepr\u00fcft sehen m\u00f6chten. Sollten Sie bereits Erfahrungen mit einer unseri\u00f6sen oder gar betr\u00fcgerischen Seite gemacht haben, teilen Sie uns dies gerne mit. Jede Meldung hilft uns dabei, unsere Nutzer vor Abzocke zu sch\u00fctzen und nur die besten und vertrauensw\u00fcrdigsten Plattformen zu empfehlen.<\/p>\n<p>Vielen Dank, dass Sie uns dabei unterst\u00fctzen, das Online-Dating sicherer zu machen!<\/p>\n\n\n<p><\/p>\n","protected":false},"excerpt":{"rendered":"<p>Haben Sie eine Dating-Seite entdeckt, die Sie als fragw\u00fcrdig empfinden? Wir sind stets bem\u00fcht, unsere Plattform aktuell und zuverl\u00e4ssig zu halten. Deshalb freuen wir uns \u00fcber Ihre Hinweise! Nutzen Sie unser Kontaktformular, um uns Dating-Seiten zu melden, die Sie gerne [&hellip;]<\/p>\n","protected":false},"author":1,"featured_media":0,"parent":0,"menu_order":0,"comment_status":"closed","ping_status":"closed","template":"contact.php","meta":{"footnotes":""},"class_list":["post-147","page","type-page","status-publish","hentry"],"yoast_head":"<!-- This site is optimized with the Yoast SEO plugin v27.4 - https:\/\/yoast.com\/product\/yoast-seo-wordpress\/ -->\n<title>Singleb\u00f6rse melden - Singleb\u00f6rse im Test - Wir testen deutschlands Singleb\u00f6rsen<\/title>\n<meta name=\"robots\" content=\"index, follow, max-snippet:-1, max-image-preview:large, max-video-preview:-1\" \/>\n<link rel=\"canonical\" href=\"https:\/\/singleboerse-im-test.de\/index.php\/contact-me\/\" \/>\n<meta property=\"og:locale\" content=\"de_DE\" \/>\n<meta property=\"og:type\" content=\"article\" \/>\n<meta property=\"og:title\" content=\"Singleb\u00f6rse melden - Singleb\u00f6rse im Test - Wir testen deutschlands Singleb\u00f6rsen\" \/>\n<meta property=\"og:description\" content=\"Haben Sie eine Dating-Seite entdeckt, die Sie als fragw\u00fcrdig empfinden? Wir sind stets bem\u00fcht, unsere Plattform aktuell und zuverl\u00e4ssig zu halten. Deshalb freuen wir uns \u00fcber Ihre Hinweise! Nutzen Sie unser Kontaktformular, um uns Dating-Seiten zu melden, die Sie gerne [&hellip;]\" \/>\n<meta property=\"og:url\" content=\"https:\/\/singleboerse-im-test.de\/index.php\/contact-me\/\" \/>\n<meta property=\"og:site_name\" content=\"Singleb\u00f6rse im Test - Wir testen deutschlands Singleb\u00f6rsen\" \/>\n<meta property=\"article:modified_time\" content=\"2024-11-13T12:57:14+00:00\" \/>\n<meta name=\"twitter:card\" content=\"summary_large_image\" \/>\n<meta name=\"twitter:label1\" content=\"Gesch\u00e4tzte Lesezeit\" \/>\n\t<meta name=\"twitter:data1\" content=\"1\u00a0Minute\" \/>\n<script type=\"application\/ld+json\" class=\"yoast-schema-graph\">{\"@context\":\"https:\\\/\\\/schema.org\",\"@graph\":[{\"@type\":\"WebPage\",\"@id\":\"https:\\\/\\\/singleboerse-im-test.de\\\/index.php\\\/contact-me\\\/\",\"url\":\"https:\\\/\\\/singleboerse-im-test.de\\\/index.php\\\/contact-me\\\/\",\"name\":\"Singleb\u00f6rse melden - Singleb\u00f6rse im Test - Wir testen deutschlands Singleb\u00f6rsen\",\"isPartOf\":{\"@id\":\"https:\\\/\\\/singleboerse-im-test.de\\\/#website\"},\"datePublished\":\"2015-07-28T12:10:34+00:00\",\"dateModified\":\"2024-11-13T12:57:14+00:00\",\"breadcrumb\":{\"@id\":\"https:\\\/\\\/singleboerse-im-test.de\\\/index.php\\\/contact-me\\\/#breadcrumb\"},\"inLanguage\":\"de\",\"potentialAction\":[{\"@type\":\"ReadAction\",\"target\":[\"https:\\\/\\\/singleboerse-im-test.de\\\/index.php\\\/contact-me\\\/\"]}]},{\"@type\":\"BreadcrumbList\",\"@id\":\"https:\\\/\\\/singleboerse-im-test.de\\\/index.php\\\/contact-me\\\/#breadcrumb\",\"itemListElement\":[{\"@type\":\"ListItem\",\"position\":1,\"name\":\"Startseite\",\"item\":\"https:\\\/\\\/singleboerse-im-test.de\\\/\"},{\"@type\":\"ListItem\",\"position\":2,\"name\":\"Singleb\u00f6rse melden\"}]},{\"@type\":\"WebSite\",\"@id\":\"https:\\\/\\\/singleboerse-im-test.de\\\/#website\",\"url\":\"https:\\\/\\\/singleboerse-im-test.de\\\/\",\"name\":\"Singleb\u00f6rse im Test\",\"description\":\"\",\"publisher\":{\"@id\":\"https:\\\/\\\/singleboerse-im-test.de\\\/#organization\"},\"potentialAction\":[{\"@type\":\"SearchAction\",\"target\":{\"@type\":\"EntryPoint\",\"urlTemplate\":\"https:\\\/\\\/singleboerse-im-test.de\\\/?s={search_term_string}\"},\"query-input\":{\"@type\":\"PropertyValueSpecification\",\"valueRequired\":true,\"valueName\":\"search_term_string\"}}],\"inLanguage\":\"de\"},{\"@type\":\"Organization\",\"@id\":\"https:\\\/\\\/singleboerse-im-test.de\\\/#organization\",\"name\":\"Singleb\u00f6rse im Test\",\"url\":\"https:\\\/\\\/singleboerse-im-test.de\\\/\",\"logo\":{\"@type\":\"ImageObject\",\"inLanguage\":\"de\",\"@id\":\"https:\\\/\\\/singleboerse-im-test.de\\\/#\\\/schema\\\/logo\\\/image\\\/\",\"url\":\"https:\\\/\\\/singleboerse-im-test.de\\\/wp-content\\\/uploads\\\/2024\\\/11\\\/test3.png\",\"contentUrl\":\"https:\\\/\\\/singleboerse-im-test.de\\\/wp-content\\\/uploads\\\/2024\\\/11\\\/test3.png\",\"width\":502,\"height\":136,\"caption\":\"Singleb\u00f6rse im Test\"},\"image\":{\"@id\":\"https:\\\/\\\/singleboerse-im-test.de\\\/#\\\/schema\\\/logo\\\/image\\\/\"}}]}<\/script>\n<!-- \/ Yoast SEO plugin. -->","yoast_head_json":{"title":"Singleb\u00f6rse melden - Singleb\u00f6rse im Test - Wir testen deutschlands Singleb\u00f6rsen","robots":{"index":"index","follow":"follow","max-snippet":"max-snippet:-1","max-image-preview":"max-image-preview:large","max-video-preview":"max-video-preview:-1"},"canonical":"https:\/\/singleboerse-im-test.de\/index.php\/contact-me\/","og_locale":"de_DE","og_type":"article","og_title":"Singleb\u00f6rse melden - Singleb\u00f6rse im Test - Wir testen deutschlands Singleb\u00f6rsen","og_description":"Haben Sie eine Dating-Seite entdeckt, die Sie als fragw\u00fcrdig empfinden? Wir sind stets bem\u00fcht, unsere Plattform aktuell und zuverl\u00e4ssig zu halten. Deshalb freuen wir uns \u00fcber Ihre Hinweise! Nutzen Sie unser Kontaktformular, um uns Dating-Seiten zu melden, die Sie gerne [&hellip;]","og_url":"https:\/\/singleboerse-im-test.de\/index.php\/contact-me\/","og_site_name":"Singleb\u00f6rse im Test - Wir testen deutschlands Singleb\u00f6rsen","article_modified_time":"2024-11-13T12:57:14+00:00","twitter_card":"summary_large_image","twitter_misc":{"Gesch\u00e4tzte Lesezeit":"1\u00a0Minute"},"schema":{"@context":"https:\/\/schema.org","@graph":[{"@type":"WebPage","@id":"https:\/\/singleboerse-im-test.de\/index.php\/contact-me\/","url":"https:\/\/singleboerse-im-test.de\/index.php\/contact-me\/","name":"Singleb\u00f6rse melden - Singleb\u00f6rse im Test - Wir testen deutschlands Singleb\u00f6rsen","isPartOf":{"@id":"https:\/\/singleboerse-im-test.de\/#website"},"datePublished":"2015-07-28T12:10:34+00:00","dateModified":"2024-11-13T12:57:14+00:00","breadcrumb":{"@id":"https:\/\/singleboerse-im-test.de\/index.php\/contact-me\/#breadcrumb"},"inLanguage":"de","potentialAction":[{"@type":"ReadAction","target":["https:\/\/singleboerse-im-test.de\/index.php\/contact-me\/"]}]},{"@type":"BreadcrumbList","@id":"https:\/\/singleboerse-im-test.de\/index.php\/contact-me\/#breadcrumb","itemListElement":[{"@type":"ListItem","position":1,"name":"Startseite","item":"https:\/\/singleboerse-im-test.de\/"},{"@type":"ListItem","position":2,"name":"Singleb\u00f6rse melden"}]},{"@type":"WebSite","@id":"https:\/\/singleboerse-im-test.de\/#website","url":"https:\/\/singleboerse-im-test.de\/","name":"Singleb\u00f6rse im Test","description":"","publisher":{"@id":"https:\/\/singleboerse-im-test.de\/#organization"},"potentialAction":[{"@type":"SearchAction","target":{"@type":"EntryPoint","urlTemplate":"https:\/\/singleboerse-im-test.de\/?s={search_term_string}"},"query-input":{"@type":"PropertyValueSpecification","valueRequired":true,"valueName":"search_term_string"}}],"inLanguage":"de"},{"@type":"Organization","@id":"https:\/\/singleboerse-im-test.de\/#organization","name":"Singleb\u00f6rse im Test","url":"https:\/\/singleboerse-im-test.de\/","logo":{"@type":"ImageObject","inLanguage":"de","@id":"https:\/\/singleboerse-im-test.de\/#\/schema\/logo\/image\/","url":"https:\/\/singleboerse-im-test.de\/wp-content\/uploads\/2024\/11\/test3.png","contentUrl":"https:\/\/singleboerse-im-test.de\/wp-content\/uploads\/2024\/11\/test3.png","width":502,"height":136,"caption":"Singleb\u00f6rse im Test"},"image":{"@id":"https:\/\/singleboerse-im-test.de\/#\/schema\/logo\/image\/"}}]}},"_links":{"self":[{"href":"https:\/\/singleboerse-im-test.de\/index.php\/wp-json\/wp\/v2\/pages\/147","targetHints":{"allow":["GET"]}}],"collection":[{"href":"https:\/\/singleboerse-im-test.de\/index.php\/wp-json\/wp\/v2\/pages"}],"about":[{"href":"https:\/\/singleboerse-im-test.de\/index.php\/wp-json\/wp\/v2\/types\/page"}],"author":[{"embeddable":true,"href":"https:\/\/singleboerse-im-test.de\/index.php\/wp-json\/wp\/v2\/users\/1"}],"replies":[{"embeddable":true,"href":"https:\/\/singleboerse-im-test.de\/index.php\/wp-json\/wp\/v2\/comments?post=147"}],"version-history":[{"count":3,"href":"https:\/\/singleboerse-im-test.de\/index.php\/wp-json\/wp\/v2\/pages\/147\/revisions"}],"predecessor-version":[{"id":641,"href":"https:\/\/singleboerse-im-test.de\/index.php\/wp-json\/wp\/v2\/pages\/147\/revisions\/641"}],"wp:attachment":[{"href":"https:\/\/singleboerse-im-test.de\/index.php\/wp-json\/wp\/v2\/media?parent=147"}],"curies":[{"name":"wp","href":"https:\/\/api.w.org\/{rel}","templated":true}]}}